{"id":24,"date":"2025-10-13T19:05:07","date_gmt":"2025-10-13T19:05:07","guid":{"rendered":"https:\/\/umitunker.com\/ogrenci-kaydi\/"},"modified":"2025-10-13T19:05:07","modified_gmt":"2025-10-13T19:05:07","slug":"ogrenci-kaydi","status":"publish","type":"page","link":"https:\/\/umitunker.com\/en\/ogrenci-kaydi\/","title":{"rendered":"\u00d6\u011frenci Kayd\u0131"},"content":{"rendered":"<div id=\"tutor-registration-wrap\">\n\n\t\t\n\t\t<form method=\"post\" enctype=\"multipart\/form-data\" id=\"tutor-registration-form\" action=\"\">\n\t\t\t<input type=\"hidden\" name=\"tutor_course_enroll_attempt\" value=\"\">\n\t\t\t\n\t\t\t<input type=\"hidden\" id=\"_tutor_nonce\" name=\"_tutor_nonce\" value=\"8f2adc9132\" \/><input type=\"hidden\" name=\"_wp_http_referer\" value=\"\/en\/wp-json\/wp\/v2\/pages\/24\" \/>\t\t\t<input type=\"hidden\" value=\"tutor_register_student\" name=\"tutor_action\"\/>\n\n\t\t\t\n\t\t\t<div class=\"tutor-form-row\">\n\t\t\t\t<div class=\"tutor-form-col-6\">\n\t\t\t\t\t<div class=\"tutor-form-group\">\n\t\t\t\t\t\t<label>\n\t\t\t\t\t\t\tFirst Name\t\t\t\t\t\t<\/label>\n\n\t\t\t\t\t\t<input type=\"text\" name=\"first_name\" value=\"\" placeholder=\"First Name\" required autocomplete=\"given-name\">\n\t\t\t\t\t<\/div>\n\t\t\t\t<\/div>\n\n\t\t\t\t<div class=\"tutor-form-col-6\">\n\t\t\t\t\t<div class=\"tutor-form-group\">\n\t\t\t\t\t\t<label>\n\t\t\t\t\t\t\tLast Name\t\t\t\t\t\t<\/label>\n\n\t\t\t\t\t\t<input type=\"text\" name=\"last_name\" value=\"\" placeholder=\"Last Name\" required autocomplete=\"family-name\">\n\t\t\t\t\t<\/div>\n\t\t\t\t<\/div>\n\n\t\t\t<\/div>\n\n\t\t\t<div class=\"tutor-form-row\">\n\t\t\t\t<div class=\"tutor-form-col-6\">\n\t\t\t\t\t<div class=\"tutor-form-group\">\n\t\t\t\t\t\t<label>\n\t\t\t\t\t\t\tUser Name\t\t\t\t\t\t<\/label>\n\n\t\t\t\t\t\t<input type=\"text\" name=\"user_login\" class=\"tutor_user_name\" value=\"\" placeholder=\"User Name\" required autocomplete=\"username\">\n\t\t\t\t\t<\/div>\n\t\t\t\t<\/div>\n\n\t\t\t\t<div class=\"tutor-form-col-6\">\n\t\t\t\t\t<div class=\"tutor-form-group\">\n\t\t\t\t\t\t<label>\n\t\t\t\t\t\t\tE-Mail\t\t\t\t\t\t<\/label>\n\n\t\t\t\t\t\t<input type=\"text\" name=\"email\" value=\"\" placeholder=\"E-Mail\" required autocomplete=\"email\">\n\t\t\t\t\t<\/div>\n\t\t\t\t<\/div>\n\n\t\t\t<\/div>\n\n\t\t\t<div class=\"tutor-form-row\">\n\t\t\t\t<div class=\"tutor-form-col-6\">\n\t\t\t\t\t<div class=\"tutor-form-group\">\n\t\t\t\t\t\t<div class=\"tutor-password-strength-checker\">\n\t\t\t\t\t\t\t<div class=\"tutor-password-field\">\n\t\t\t\t\t\t\t\t<label>\n\t\t\t\t\t\t\t\t\tPassword\t\t\t\t\t\t\t\t<\/label>\n\n\t\t\t\t\t\t\t\t<input class=\"password-checker\" id=\"tutor-new-password\" type=\"password\" name=\"password\" value=\"\" placeholder=\"Password\" required autocomplete=\"new-password\" style=\"margin-bottom: 0;\">\n\t\t\t\t\t\t\t\t<span class=\"show-hide-btn\"><\/span>\n\t\t\t\t\t\t\t<\/div>\n\n\t\t\t\t\t\t\t<div class=\"tutor-password-strength-hint\">\n\t\t\t\t\t\t\t\t<div class=\"indicator\">\n\t\t\t\t\t\t\t\t\t<span class=\"weak\"><\/span>\n\t\t\t\t\t\t\t\t\t<span class=\"medium\"><\/span>\n\t\t\t\t\t\t\t\t\t<span class=\"strong\"><\/span>\n\t\t\t\t\t\t\t\t<\/div>\n\t\t\t\t\t\t\t\t<div class=\"text tutor-fs-7 tutor-color-muted\"><\/div>\n\t\t\t\t\t\t\t<\/div>\n\t\t\t\t\t\t<\/div>\n\t\t\t\t\t<\/div>\n\t\t\t\t<\/div>\n\n\t\t\t\t<div class=\"tutor-form-col-6\">\n\t\t\t\t\t<div class=\"tutor-form-group\">\n\t\t\t\t\t\t<label>\n\t\t\t\t\t\t\tPassword confirmation\t\t\t\t\t\t<\/label>\n\n\t\t\t\t\t\t<div class=\"tutor-form-wrap\">\n\t\t\t\t\t\t\t<span class=\"tutor-validation-icon tutor-icon-mark tutor-color-success tutor-form-icon tutor-form-icon-reverse\" style=\"display: none;\"><\/span>\n\t\t\t\t\t\t\t<input type=\"password\" name=\"password_confirmation\" value=\"\" placeholder=\"Password Confirmation\" required autocomplete=\"new-password\" style=\"margin-bottom: 0;\">\n\t\t\t\t\t\t<\/div>\n\t\t\t\t\t<\/div>\n\t\t\t\t<\/div>\n\t\t\t<\/div>\n\n\n\t\t\t<div class=\"tutor-form-row\">\n\t\t\t\t<div class=\"tutor-form-col-12\">\n\t\t\t\t\t<div class=\"tutor-form-group\">\n\t\t\t\t\t\t\t<input type=\"text\" style=\"display:none\" autocomplete=\"off\" value=\"\" name=\"_uuid\">\n\t\t\t\t\t\t\t<\/div>\n\t\t\t\t<\/div>\n\t\t\t<\/div>    \n\n\t\t\t\n\t\t\t\t\t\t\t\t\t\t<div class=\"tutor-mb-24\">\n\t\t\t\t\tBy signing up, I agree with the website&#039;s <a target=\"_blank\" href=\"https:\/\/umitunker.com\/en\/hizmet-sartlari\/\" title=\"Terms and Conditions\">Terms and Conditions<\/a>\n\t\t\t\t<\/div>\n\t\t\t\n\t\t\t<div>\n\t\t\t\t<button type=\"submit\" name=\"tutor_register_student_btn\" value=\"register\" class=\"tutor-btn tutor-btn-primary tutor-btn-block\">Register<\/button>\n\t\t\t<\/div>\n\t\t\t\t\t\t\n\t\t<input type=\"hidden\" name=\"trp-form-language\" value=\"en\"\/><\/form>\n\t\t\t\t<style>\n\t\t\t#tutor-pro-twitter-login {\n\t\t\t\twidth: 400px; background-color: #00acee; border-color: #00acee; font-weight: bold;\n\t\t\t}\n\t\t<\/style>\n\t\t<div id=\"tutor-pro-social-authentication\" class=\"tutor-pt-24 tutor-d-flex tutor-flex-column tutor-align-center tutor-border-top-light\" style=\"gap: 10px;\">\n\t\t\t\t\t\t\t\t<div class=\"tutor-d-flex tutor-justify-center\" id=\"tutor-pro-google-authentication\">\n\t\t\t\t\t\t\n\t\t\t\t\t\t\t\t\t\t\t<\/div>\n\t\t\t\t\t\t\t<\/div>\n\t\t\t\t\n\t<\/div>","protected":false},"excerpt":{"rendered":"<p>First Name Last Name User Name E-Mail Password Password confirmation By signing up, I agree with the website&#039;s Terms and Conditions Register<\/p>","protected":false},"author":1,"featured_media":0,"parent":0,"menu_order":0,"comment_status":"closed","ping_status":"closed","template":"","meta":{"_uag_custom_page_level_css":"","site-sidebar-layout":"default","site-content-layout":"","ast-site-content-layout":"default","site-content-style":"default","site-sidebar-style":"default","ast-global-header-display":"","ast-banner-title-visibility":"","ast-main-header-display":"","ast-hfb-above-header-display":"","ast-hfb-below-header-display":"","ast-hfb-mobile-header-display":"","site-post-title":"","ast-breadcrumbs-content":"","ast-featured-img":"","footer-sml-layout":"","ast-disable-related-posts":"","theme-transparent-header-meta":"","adv-header-id-meta":"","stick-header-meta":"","header-above-stick-meta":"","header-main-stick-meta":"","header-below-stick-meta":"","astra-migrate-meta-layouts":"default","ast-page-background-enabled":"default","ast-page-background-meta":{"desktop":{"background-color":"","background-image":"","background-repeat":"repeat","background-position":"center center","background-size":"auto","background-attachment":"scroll","background-type":"","background-media":"","overlay-type":"","overlay-color":"","overlay-opacity":"","overlay-gradient":""},"tablet":{"background-color":"","background-image":"","background-repeat":"repeat","background-position":"center center","background-size":"auto","background-attachment":"scroll","background-type":"","background-media":"","overlay-type":"","overlay-color":"","overlay-opacity":"","overlay-gradient":""},"mobile":{"background-color":"","background-image":"","background-repeat":"repeat","background-position":"center center","background-size":"auto","background-attachment":"scroll","background-type":"","background-media":"","overlay-type":"","overlay-color":"","overlay-opacity":"","overlay-gradient":""}},"ast-content-background-meta":{"desktop":{"background-color":"var(--ast-global-color-5)","background-image":"","background-repeat":"repeat","background-position":"center center","background-size":"auto","background-attachment":"scroll","background-type":"","background-media":"","overlay-type":"","overlay-color":"","overlay-opacity":"","overlay-gradient":""},"tablet":{"background-color":"var(--ast-global-color-5)","background-image":"","background-repeat":"repeat","background-position":"center center","background-size":"auto","background-attachment":"scroll","background-type":"","background-media":"","overlay-type":"","overlay-color":"","overlay-opacity":"","overlay-gradient":""},"mobile":{"background-color":"var(--ast-global-color-5)","background-image":"","background-repeat":"repeat","background-position":"center center","background-size":"auto","background-attachment":"scroll","background-type":"","background-media":"","overlay-type":"","overlay-color":"","overlay-opacity":"","overlay-gradient":""}},"footnotes":""},"class_list":["post-24","page","type-page","status-publish","hentry"],"aioseo_notices":[],"_hostinger_reach_plugin_has_subscription_block":false,"_hostinger_reach_plugin_is_elementor":false,"uagb_featured_image_src":{"full":false,"thumbnail":false,"medium":false,"medium_large":false,"large":false,"1536x1536":false,"2048x2048":false,"trp-custom-language-flag":false,"bdpp-medium":false,"woocommerce_thumbnail":false,"woocommerce_single":false,"woocommerce_gallery_thumbnail":false},"uagb_author_info":{"display_name":"umitunker","author_link":"https:\/\/umitunker.com\/en\/author\/umitunker\/"},"uagb_comment_info":0,"uagb_excerpt":"First Name Last Name User Name E-Mail Password Password confirmation By signing up, I agree with the website&#039;s Terms and Conditions Register","aioseo_head":"\n\t\t<!-- All in One SEO Pro 4.9.5.2 - aioseo.com -->\n\t<meta name=\"robots\" content=\"max-image-preview:large\" \/>\n\t<link rel=\"canonical\" href=\"https:\/\/umitunker.com\/en\/ogrenci-kaydi\/\" \/>\n\t<meta name=\"generator\" content=\"All in One SEO Pro (AIOSEO) 4.9.5.2\" \/>\n\t\t<meta property=\"og:locale\" content=\"en_US\" \/>\n\t\t<meta property=\"og:site_name\" content=\"\u00dcmit \u00dcNKER - Sat\u0131\u015f Teknikleri ve \u0130leti\u015fim Y\u00f6netimi\" \/>\n\t\t<meta property=\"og:type\" content=\"article\" \/>\n\t\t<meta property=\"og:title\" content=\"\u00d6\u011frenci Kayd\u0131 - \u00dcmit \u00dcNKER\" \/>\n\t\t<meta property=\"og:url\" content=\"https:\/\/umitunker.com\/en\/ogrenci-kaydi\/\" \/>\n\t\t<meta property=\"og:image\" content=\"https:\/\/umitunker.com\/wp-content\/uploads\/2025\/10\/MAGNET-MODELI\u2122-EGITIMI-1024-x-1024-piksel-2-scaled.png\" \/>\n\t\t<meta property=\"og:image:secure_url\" content=\"https:\/\/umitunker.com\/wp-content\/uploads\/2025\/10\/MAGNET-MODELI\u2122-EGITIMI-1024-x-1024-piksel-2-scaled.png\" \/>\n\t\t<meta property=\"article:published_time\" content=\"2025-10-13T19:05:07+00:00\" \/>\n\t\t<meta property=\"article:modified_time\" content=\"2025-10-13T19:05:07+00:00\" \/>\n\t\t<meta property=\"article:publisher\" content=\"https:\/\/facebook.com\/umitunker\" \/>\n\t\t<meta property=\"article:author\" content=\"https:\/\/facebook.com\/umitunker\" \/>\n\t\t<meta name=\"twitter:card\" content=\"summary_large_image\" \/>\n\t\t<meta name=\"twitter:site\" content=\"@umitunker\" \/>\n\t\t<meta name=\"twitter:title\" content=\"\u00d6\u011frenci Kayd\u0131 - \u00dcmit \u00dcNKER\" \/>\n\t\t<meta name=\"twitter:creator\" content=\"@umitunker\" \/>\n\t\t<meta name=\"twitter:image\" content=\"https:\/\/umitunker.com\/wp-content\/uploads\/2025\/10\/MAGNET-MODELI\u2122-EGITIMI-1024-x-1024-piksel-2-scaled.png\" \/>\n\t\t<script type=\"application\/ld+json\" class=\"aioseo-schema\">\n\t\t\t{\"@context\":\"https:\\\/\\\/schema.org\",\"@graph\":[{\"@type\":\"BreadcrumbList\",\"@id\":\"https:\\\/\\\/umitunker.com\\\/en\\\/ogrenci-kaydi\\\/#breadcrumblist\",\"itemListElement\":[{\"@type\":\"ListItem\",\"@id\":\"https:\\\/\\\/umitunker.com\\\/en\",\"position\":1,\"name\":\"Ana Sayfa\",\"item\":\"https:\\\/\\\/umitunker.com\\\/en\",\"nextItem\":{\"@type\":\"ListItem\",\"@id\":\"https:\\\/\\\/umitunker.com\\\/en\\\/ogrenci-kaydi\\\/\",\"name\":\"\\u00d6\\u011frenci Kayd\\u0131\"}},{\"@type\":\"ListItem\",\"@id\":\"https:\\\/\\\/umitunker.com\\\/en\\\/ogrenci-kaydi\\\/\",\"position\":2,\"name\":\"\\u00d6\\u011frenci Kayd\\u0131\",\"previousItem\":{\"@type\":\"ListItem\",\"@id\":\"https:\\\/\\\/umitunker.com\\\/en\",\"name\":\"Ana Sayfa\"}}]},{\"@type\":\"Organization\",\"@id\":\"https:\\\/\\\/umitunker.com\\\/en\\\/#organization\",\"name\":\"\\u00dcmit \\u00dcNKER\",\"description\":\"Sat\\u0131\\u015f Teknikleri ve \\u0130leti\\u015fim Y\\u00f6netimi\",\"url\":\"https:\\\/\\\/umitunker.com\\\/en\\\/\",\"email\":\"info@umitunker.com\",\"telephone\":\"+902129950748\",\"foundingDate\":\"2013-06-13\",\"logo\":{\"@type\":\"ImageObject\",\"url\":\"https:\\\/\\\/umitunker.com\\\/wp-content\\\/uploads\\\/2025\\\/10\\\/TEDi-Egitim-Logo.png\",\"@id\":\"https:\\\/\\\/umitunker.com\\\/en\\\/ogrenci-kaydi\\\/#organizationLogo\",\"width\":464,\"height\":414},\"image\":{\"@id\":\"https:\\\/\\\/umitunker.com\\\/en\\\/ogrenci-kaydi\\\/#organizationLogo\"},\"sameAs\":[\"https:\\\/\\\/facebook.com\\\/umitunker\",\"https:\\\/\\\/x.com\\\/umitunker\",\"https:\\\/\\\/instagram.com\\\/umit.unker\",\"https:\\\/\\\/tiktok.com\\\/@umitunker\",\"https:\\\/\\\/pinterest.com\\\/umitunker\",\"https:\\\/\\\/youtube.com\\\/umitunker\",\"https:\\\/\\\/linkedin.com\\\/in\\\/umitunker\",\"https:\\\/\\\/tr.wikipedia.org\\\/wiki\\\/ocuklar_Duymasn\"],\"address\":{\"@id\":\"https:\\\/\\\/umitunker.com\\\/en\\\/#postaladdress\",\"@type\":\"PostalAddress\",\"streetAddress\":\"Torun Center, Fulya Mah. B\\u00fcy\\u00fckdere Cad. No:74D K:3 Ofis: 10, Torun Center, Fulya Mah. B\\u00fcy\\u00fckdere Cad. No:74D K:3 Ofis: 10\",\"postalCode\":\"34394\",\"addressLocality\":\"\\u0130stanbul\",\"addressRegion\":\"\\u0130stanbul\",\"addressCountry\":\"TR\"},\"taxID\":\"8330519003\"},{\"@type\":\"WebPage\",\"@id\":\"https:\\\/\\\/umitunker.com\\\/en\\\/ogrenci-kaydi\\\/#webpage\",\"url\":\"https:\\\/\\\/umitunker.com\\\/en\\\/ogrenci-kaydi\\\/\",\"name\":\"\\u00d6\\u011frenci Kayd\\u0131 - \\u00dcmit \\u00dcNKER\",\"inLanguage\":\"en-US\",\"isPartOf\":{\"@id\":\"https:\\\/\\\/umitunker.com\\\/en\\\/#website\"},\"breadcrumb\":{\"@id\":\"https:\\\/\\\/umitunker.com\\\/en\\\/ogrenci-kaydi\\\/#breadcrumblist\"},\"datePublished\":\"2025-10-13T19:05:07+00:00\",\"dateModified\":\"2025-10-13T19:05:07+00:00\"},{\"@type\":\"WebSite\",\"@id\":\"https:\\\/\\\/umitunker.com\\\/en\\\/#website\",\"url\":\"https:\\\/\\\/umitunker.com\\\/en\\\/\",\"name\":\"\\u00dcmit \\u00dcNKER\",\"alternateName\":\"https:\\\/\\\/tediegitim.com\\\/\",\"description\":\"Sat\\u0131\\u015f Teknikleri ve \\u0130leti\\u015fim Y\\u00f6netimi\",\"inLanguage\":\"en-US\",\"publisher\":{\"@id\":\"https:\\\/\\\/umitunker.com\\\/en\\\/#organization\"}}]}\n\t\t<\/script>\n\t\t<!-- All in One SEO Pro -->\r\n\t\t<title>\u00d6\u011frenci Kayd\u0131 - \u00dcmit \u00dcNKER<\/title>\n\n","aioseo_head_json":{"title":"\u00d6\u011frenci Kayd\u0131 - \u00dcmit \u00dcNKER","description":"","canonical_url":"https:\/\/umitunker.com\/en\/ogrenci-kaydi\/","robots":"max-image-preview:large","keywords":"","webmasterTools":{"miscellaneous":""},"schema":{"@context":"https:\/\/schema.org","@graph":[{"@type":"BreadcrumbList","@id":"https:\/\/umitunker.com\/en\/ogrenci-kaydi\/#breadcrumblist","itemListElement":[{"@type":"ListItem","@id":"https:\/\/umitunker.com\/en","position":1,"name":"Ana Sayfa","item":"https:\/\/umitunker.com\/en","nextItem":{"@type":"ListItem","@id":"https:\/\/umitunker.com\/en\/ogrenci-kaydi\/","name":"\u00d6\u011frenci Kayd\u0131"}},{"@type":"ListItem","@id":"https:\/\/umitunker.com\/en\/ogrenci-kaydi\/","position":2,"name":"\u00d6\u011frenci Kayd\u0131","previousItem":{"@type":"ListItem","@id":"https:\/\/umitunker.com\/en","name":"Ana Sayfa"}}]},{"@type":"Organization","@id":"https:\/\/umitunker.com\/en\/#organization","name":"\u00dcmit \u00dcNKER","description":"Sat\u0131\u015f Teknikleri ve \u0130leti\u015fim Y\u00f6netimi","url":"https:\/\/umitunker.com\/en\/","email":"info@umitunker.com","telephone":"+902129950748","foundingDate":"2013-06-13","logo":{"@type":"ImageObject","url":"https:\/\/umitunker.com\/wp-content\/uploads\/2025\/10\/TEDi-Egitim-Logo.png","@id":"https:\/\/umitunker.com\/en\/ogrenci-kaydi\/#organizationLogo","width":464,"height":414},"image":{"@id":"https:\/\/umitunker.com\/en\/ogrenci-kaydi\/#organizationLogo"},"sameAs":["https:\/\/facebook.com\/umitunker","https:\/\/x.com\/umitunker","https:\/\/instagram.com\/umit.unker","https:\/\/tiktok.com\/@umitunker","https:\/\/pinterest.com\/umitunker","https:\/\/youtube.com\/umitunker","https:\/\/linkedin.com\/in\/umitunker","https:\/\/tr.wikipedia.org\/wiki\/ocuklar_Duymasn"],"address":{"@id":"https:\/\/umitunker.com\/en\/#postaladdress","@type":"PostalAddress","streetAddress":"Torun Center, Fulya Mah. B\u00fcy\u00fckdere Cad. No:74D K:3 Ofis: 10, Torun Center, Fulya Mah. B\u00fcy\u00fckdere Cad. No:74D K:3 Ofis: 10","postalCode":"34394","addressLocality":"\u0130stanbul","addressRegion":"\u0130stanbul","addressCountry":"TR"},"taxID":"8330519003"},{"@type":"WebPage","@id":"https:\/\/umitunker.com\/en\/ogrenci-kaydi\/#webpage","url":"https:\/\/umitunker.com\/en\/ogrenci-kaydi\/","name":"\u00d6\u011frenci Kayd\u0131 - \u00dcmit \u00dcNKER","inLanguage":"en-US","isPartOf":{"@id":"https:\/\/umitunker.com\/en\/#website"},"breadcrumb":{"@id":"https:\/\/umitunker.com\/en\/ogrenci-kaydi\/#breadcrumblist"},"datePublished":"2025-10-13T19:05:07+00:00","dateModified":"2025-10-13T19:05:07+00:00"},{"@type":"WebSite","@id":"https:\/\/umitunker.com\/en\/#website","url":"https:\/\/umitunker.com\/en\/","name":"\u00dcmit \u00dcNKER","alternateName":"https:\/\/tediegitim.com\/","description":"Sat\u0131\u015f Teknikleri ve \u0130leti\u015fim Y\u00f6netimi","inLanguage":"en-US","publisher":{"@id":"https:\/\/umitunker.com\/en\/#organization"}}]},"og:locale":"en_US","og:site_name":"\u00dcmit \u00dcNKER - Sat\u0131\u015f Teknikleri ve \u0130leti\u015fim Y\u00f6netimi","og:type":"article","og:title":"\u00d6\u011frenci Kayd\u0131 - \u00dcmit \u00dcNKER","og:url":"https:\/\/umitunker.com\/en\/ogrenci-kaydi\/","og:image":"https:\/\/umitunker.com\/wp-content\/uploads\/2025\/10\/MAGNET-MODELI\u2122-EGITIMI-1024-x-1024-piksel-2-scaled.png","og:image:secure_url":"https:\/\/umitunker.com\/wp-content\/uploads\/2025\/10\/MAGNET-MODELI\u2122-EGITIMI-1024-x-1024-piksel-2-scaled.png","article:published_time":"2025-10-13T19:05:07+00:00","article:modified_time":"2025-10-13T19:05:07+00:00","article:publisher":"https:\/\/facebook.com\/umitunker","article:author":"https:\/\/facebook.com\/umitunker","twitter:card":"summary_large_image","twitter:site":"@umitunker","twitter:title":"\u00d6\u011frenci Kayd\u0131 - \u00dcmit \u00dcNKER","twitter:creator":"@umitunker","twitter:image":"https:\/\/umitunker.com\/wp-content\/uploads\/2025\/10\/MAGNET-MODELI\u2122-EGITIMI-1024-x-1024-piksel-2-scaled.png"},"aioseo_meta_data":{"post_id":"24","title":null,"description":null,"keywords":null,"keyphrases":null,"primary_term":null,"canonical_url":null,"og_title":null,"og_description":null,"og_object_type":"default","og_image_type":"default","og_image_url":null,"og_image_width":null,"og_image_height":null,"og_image_custom_url":null,"og_image_custom_fields":null,"og_video":null,"og_custom_url":null,"og_article_section":null,"og_article_tags":null,"twitter_use_og":false,"twitter_card":"default","twitter_image_type":"default","twitter_image_url":null,"twitter_image_custom_url":null,"twitter_image_custom_fields":null,"twitter_title":null,"twitter_description":null,"schema":{"blockGraphs":[],"customGraphs":[],"default":{"data":{"Article":[],"Course":[],"Dataset":[],"FAQPage":[],"Movie":[],"Person":[],"Product":[],"ProductReview":[],"Car":[],"Recipe":[],"Service":[],"SoftwareApplication":[],"WebPage":[]},"graphName":"","isEnabled":true},"graphs":[]},"schema_type":"default","schema_type_options":null,"pillar_content":false,"robots_default":true,"robots_noindex":false,"robots_noarchive":false,"robots_nosnippet":false,"robots_nofollow":false,"robots_noimageindex":false,"robots_noodp":false,"robots_notranslate":false,"robots_max_snippet":null,"robots_max_videopreview":null,"robots_max_imagepreview":"large","priority":null,"frequency":null,"local_seo":null,"seo_analyzer_scan_date":"2025-10-13 19:13:24","breadcrumb_settings":null,"limit_modified_date":false,"reviewed_by":null,"open_ai":null,"ai":null,"created":"2025-10-13 19:05:07","updated":"2025-10-13 19:13:24"},"aioseo_breadcrumb":"<div class=\"aioseo-breadcrumbs\"><span class=\"aioseo-breadcrumb\">\n\t<a href=\"https:\/\/umitunker.com\/en\" title=\"Ana Sayfa\">Ana Sayfa<\/a>\n<\/span><span class=\"aioseo-breadcrumb-separator\">\u00bb<\/span><span class=\"aioseo-breadcrumb\">\n\t<a href=\"https:\/\/umitunker.com\/en\/ogrenci-kaydi\/\" title=\"\u00d6\u011frenci Kayd\u0131\">\u00d6\u011frenci Kayd\u0131<\/a>\n<\/span><\/div>","aioseo_breadcrumb_json":[{"label":"Ana Sayfa","link":"https:\/\/umitunker.com\/en"},{"label":"\u00d6\u011frenci Kayd\u0131","link":"https:\/\/umitunker.com\/en\/ogrenci-kaydi\/"}],"_links":{"self":[{"href":"https:\/\/umitunker.com\/en\/wp-json\/wp\/v2\/pages\/24","targetHints":{"allow":["GET"]}}],"collection":[{"href":"https:\/\/umitunker.com\/en\/wp-json\/wp\/v2\/pages"}],"about":[{"href":"https:\/\/umitunker.com\/en\/wp-json\/wp\/v2\/types\/page"}],"author":[{"embeddable":true,"href":"https:\/\/umitunker.com\/en\/wp-json\/wp\/v2\/users\/1"}],"replies":[{"embeddable":true,"href":"https:\/\/umitunker.com\/en\/wp-json\/wp\/v2\/comments?post=24"}],"version-history":[{"count":0,"href":"https:\/\/umitunker.com\/en\/wp-json\/wp\/v2\/pages\/24\/revisions"}],"wp:attachment":[{"href":"https:\/\/umitunker.com\/en\/wp-json\/wp\/v2\/media?parent=24"}],"curies":[{"name":"wp","href":"https:\/\/api.w.org\/{rel}","templated":true}]}}