{"id":9,"date":"2025-10-13T18:19:09","date_gmt":"2025-10-13T18:19:09","guid":{"rendered":"https:\/\/umitunker.com\/my-account\/"},"modified":"2025-10-13T20:08:11","modified_gmt":"2025-10-13T20:08:11","slug":"hesabim","status":"publish","type":"page","link":"https:\/\/umitunker.com\/en\/hesabim\/","title":{"rendered":"Hesab\u0131m"},"content":{"rendered":"<div class=\"woocommerce\"><\/div>","protected":false},"excerpt":{"rendered":"","protected":false},"author":1,"featured_media":0,"parent":0,"menu_order":0,"comment_status":"closed","ping_status":"closed","template":"","meta":{"_uag_custom_page_level_css":"","site-sidebar-layout":"default","site-content-layout":"","ast-site-content-layout":"default","site-content-style":"default","site-sidebar-style":"default","ast-global-header-display":"","ast-banner-title-visibility":"","ast-main-header-display":"","ast-hfb-above-header-display":"","ast-hfb-below-header-display":"","ast-hfb-mobile-header-display":"","site-post-title":"","ast-breadcrumbs-content":"","ast-featured-img":"","footer-sml-layout":"","ast-disable-related-posts":"","theme-transparent-header-meta":"","adv-header-id-meta":"","stick-header-meta":"","header-above-stick-meta":"","header-main-stick-meta":"","header-below-stick-meta":"","astra-migrate-meta-layouts":"default","ast-page-background-enabled":"default","ast-page-background-meta":{"desktop":{"background-color":"","background-image":"","background-repeat":"repeat","background-position":"center center","background-size":"auto","background-attachment":"scroll","background-type":"","background-media":"","overlay-type":"","overlay-color":"","overlay-opacity":"","overlay-gradient":""},"tablet":{"background-color":"","background-image":"","background-repeat":"repeat","background-position":"center center","background-size":"auto","background-attachment":"scroll","background-type":"","background-media":"","overlay-type":"","overlay-color":"","overlay-opacity":"","overlay-gradient":""},"mobile":{"background-color":"","background-image":"","background-repeat":"repeat","background-position":"center center","background-size":"auto","background-attachment":"scroll","background-type":"","background-media":"","overlay-type":"","overlay-color":"","overlay-opacity":"","overlay-gradient":""}},"ast-content-background-meta":{"desktop":{"background-color":"var(--ast-global-color-5)","background-image":"","background-repeat":"repeat","background-position":"center center","background-size":"auto","background-attachment":"scroll","background-type":"","background-media":"","overlay-type":"","overlay-color":"","overlay-opacity":"","overlay-gradient":""},"tablet":{"background-color":"var(--ast-global-color-5)","background-image":"","background-repeat":"repeat","background-position":"center center","background-size":"auto","background-attachment":"scroll","background-type":"","background-media":"","overlay-type":"","overlay-color":"","overlay-opacity":"","overlay-gradient":""},"mobile":{"background-color":"var(--ast-global-color-5)","background-image":"","background-repeat":"repeat","background-position":"center center","background-size":"auto","background-attachment":"scroll","background-type":"","background-media":"","overlay-type":"","overlay-color":"","overlay-opacity":"","overlay-gradient":""}},"footnotes":""},"class_list":["post-9","page","type-page","status-publish","hentry"],"aioseo_notices":[],"_hostinger_reach_plugin_has_subscription_block":false,"_hostinger_reach_plugin_is_elementor":false,"uagb_featured_image_src":{"full":false,"thumbnail":false,"medium":false,"medium_large":false,"large":false,"1536x1536":false,"2048x2048":false,"trp-custom-language-flag":false,"bdpp-medium":false,"woocommerce_thumbnail":false,"woocommerce_single":false,"woocommerce_gallery_thumbnail":false},"uagb_author_info":{"display_name":"umitunker","author_link":"https:\/\/umitunker.com\/en\/author\/umitunker\/"},"uagb_comment_info":0,"uagb_excerpt":null,"aioseo_head":"\n\t\t<!-- All in One SEO Pro 4.9.5.2 - aioseo.com -->\n\t<meta name=\"robots\" content=\"noindex, max-image-preview:large\" \/>\n\t<link rel=\"canonical\" href=\"https:\/\/umitunker.com\/en\/hesabim\/\" \/>\n\t<meta name=\"generator\" content=\"All in One SEO Pro (AIOSEO) 4.9.5.2\" \/>\n\t\t<meta property=\"og:locale\" content=\"en_US\" \/>\n\t\t<meta property=\"og:site_name\" content=\"\u00dcmit \u00dcNKER - Sat\u0131\u015f Teknikleri ve \u0130leti\u015fim Y\u00f6netimi\" \/>\n\t\t<meta property=\"og:type\" content=\"article\" \/>\n\t\t<meta property=\"og:title\" content=\"Hesab\u0131m - \u00dcmit \u00dcNKER\" \/>\n\t\t<meta property=\"og:url\" content=\"https:\/\/umitunker.com\/en\/hesabim\/\" \/>\n\t\t<meta property=\"og:image\" content=\"https:\/\/umitunker.com\/wp-content\/uploads\/2025\/10\/MAGNET-MODELI\u2122-EGITIMI-1024-x-1024-piksel-2-scaled.png\" \/>\n\t\t<meta property=\"og:image:secure_url\" content=\"https:\/\/umitunker.com\/wp-content\/uploads\/2025\/10\/MAGNET-MODELI\u2122-EGITIMI-1024-x-1024-piksel-2-scaled.png\" \/>\n\t\t<meta property=\"article:published_time\" content=\"2025-10-13T18:19:09+00:00\" \/>\n\t\t<meta property=\"article:modified_time\" content=\"2025-10-13T20:08:11+00:00\" \/>\n\t\t<meta property=\"article:publisher\" content=\"https:\/\/facebook.com\/umitunker\" \/>\n\t\t<meta property=\"article:author\" content=\"https:\/\/facebook.com\/umitunker\" \/>\n\t\t<meta name=\"twitter:card\" content=\"summary_large_image\" \/>\n\t\t<meta name=\"twitter:site\" content=\"@umitunker\" \/>\n\t\t<meta name=\"twitter:title\" content=\"Hesab\u0131m - \u00dcmit \u00dcNKER\" \/>\n\t\t<meta name=\"twitter:creator\" content=\"@umitunker\" \/>\n\t\t<meta name=\"twitter:image\" content=\"https:\/\/umitunker.com\/wp-content\/uploads\/2025\/10\/MAGNET-MODELI\u2122-EGITIMI-1024-x-1024-piksel-2-scaled.png\" \/>\n\t\t<script type=\"application\/ld+json\" class=\"aioseo-schema\">\n\t\t\t{\"@context\":\"https:\\\/\\\/schema.org\",\"@graph\":[{\"@type\":\"BreadcrumbList\",\"@id\":\"https:\\\/\\\/umitunker.com\\\/en\\\/hesabim\\\/#breadcrumblist\",\"itemListElement\":[{\"@type\":\"ListItem\",\"@id\":\"https:\\\/\\\/umitunker.com\\\/en\",\"position\":1,\"name\":\"Ana Sayfa\",\"item\":\"https:\\\/\\\/umitunker.com\\\/en\",\"nextItem\":{\"@type\":\"ListItem\",\"@id\":\"https:\\\/\\\/umitunker.com\\\/en\\\/hesabim\\\/\",\"name\":\"Hesab\\u0131m\"}},{\"@type\":\"ListItem\",\"@id\":\"https:\\\/\\\/umitunker.com\\\/en\\\/hesabim\\\/\",\"position\":2,\"name\":\"Hesab\\u0131m\",\"previousItem\":{\"@type\":\"ListItem\",\"@id\":\"https:\\\/\\\/umitunker.com\\\/en\",\"name\":\"Ana Sayfa\"}}]},{\"@type\":\"Organization\",\"@id\":\"https:\\\/\\\/umitunker.com\\\/en\\\/#organization\",\"name\":\"\\u00dcmit \\u00dcNKER\",\"description\":\"Sat\\u0131\\u015f Teknikleri ve \\u0130leti\\u015fim Y\\u00f6netimi\",\"url\":\"https:\\\/\\\/umitunker.com\\\/en\\\/\",\"email\":\"info@umitunker.com\",\"telephone\":\"+902129950748\",\"foundingDate\":\"2013-06-13\",\"logo\":{\"@type\":\"ImageObject\",\"url\":\"https:\\\/\\\/umitunker.com\\\/wp-content\\\/uploads\\\/2025\\\/10\\\/TEDi-Egitim-Logo.png\",\"@id\":\"https:\\\/\\\/umitunker.com\\\/en\\\/hesabim\\\/#organizationLogo\",\"width\":464,\"height\":414},\"image\":{\"@id\":\"https:\\\/\\\/umitunker.com\\\/en\\\/hesabim\\\/#organizationLogo\"},\"sameAs\":[\"https:\\\/\\\/facebook.com\\\/umitunker\",\"https:\\\/\\\/x.com\\\/umitunker\",\"https:\\\/\\\/instagram.com\\\/umit.unker\",\"https:\\\/\\\/tiktok.com\\\/@umitunker\",\"https:\\\/\\\/pinterest.com\\\/umitunker\",\"https:\\\/\\\/youtube.com\\\/umitunker\",\"https:\\\/\\\/linkedin.com\\\/in\\\/umitunker\",\"https:\\\/\\\/tr.wikipedia.org\\\/wiki\\\/ocuklar_Duymasn\"],\"address\":{\"@id\":\"https:\\\/\\\/umitunker.com\\\/en\\\/#postaladdress\",\"@type\":\"PostalAddress\",\"streetAddress\":\"Torun Center, Fulya Mah. B\\u00fcy\\u00fckdere Cad. No:74D K:3 Ofis: 10, Torun Center, Fulya Mah. B\\u00fcy\\u00fckdere Cad. No:74D K:3 Ofis: 10\",\"postalCode\":\"34394\",\"addressLocality\":\"\\u0130stanbul\",\"addressRegion\":\"\\u0130stanbul\",\"addressCountry\":\"TR\"},\"taxID\":\"8330519003\"},{\"@type\":\"WebPage\",\"@id\":\"https:\\\/\\\/umitunker.com\\\/en\\\/hesabim\\\/#webpage\",\"url\":\"https:\\\/\\\/umitunker.com\\\/en\\\/hesabim\\\/\",\"name\":\"Hesab\\u0131m - \\u00dcmit \\u00dcNKER\",\"inLanguage\":\"en-US\",\"isPartOf\":{\"@id\":\"https:\\\/\\\/umitunker.com\\\/en\\\/#website\"},\"breadcrumb\":{\"@id\":\"https:\\\/\\\/umitunker.com\\\/en\\\/hesabim\\\/#breadcrumblist\"},\"datePublished\":\"2025-10-13T18:19:09+00:00\",\"dateModified\":\"2025-10-13T20:08:11+00:00\"},{\"@type\":\"WebSite\",\"@id\":\"https:\\\/\\\/umitunker.com\\\/en\\\/#website\",\"url\":\"https:\\\/\\\/umitunker.com\\\/en\\\/\",\"name\":\"\\u00dcmit \\u00dcNKER\",\"alternateName\":\"https:\\\/\\\/tediegitim.com\\\/\",\"description\":\"Sat\\u0131\\u015f Teknikleri ve \\u0130leti\\u015fim Y\\u00f6netimi\",\"inLanguage\":\"en-US\",\"publisher\":{\"@id\":\"https:\\\/\\\/umitunker.com\\\/en\\\/#organization\"}}]}\n\t\t<\/script>\n\t\t<!-- All in One SEO Pro -->\r\n\t\t<title>Hesab\u0131m - \u00dcmit \u00dcNKER<\/title>\n\n","aioseo_head_json":{"title":"Hesab\u0131m - \u00dcmit \u00dcNKER","description":"","canonical_url":"https:\/\/umitunker.com\/en\/hesabim\/","robots":"noindex, max-image-preview:large","keywords":"","webmasterTools":{"miscellaneous":""},"schema":{"@context":"https:\/\/schema.org","@graph":[{"@type":"BreadcrumbList","@id":"https:\/\/umitunker.com\/en\/hesabim\/#breadcrumblist","itemListElement":[{"@type":"ListItem","@id":"https:\/\/umitunker.com\/en","position":1,"name":"Ana Sayfa","item":"https:\/\/umitunker.com\/en","nextItem":{"@type":"ListItem","@id":"https:\/\/umitunker.com\/en\/hesabim\/","name":"Hesab\u0131m"}},{"@type":"ListItem","@id":"https:\/\/umitunker.com\/en\/hesabim\/","position":2,"name":"Hesab\u0131m","previousItem":{"@type":"ListItem","@id":"https:\/\/umitunker.com\/en","name":"Ana Sayfa"}}]},{"@type":"Organization","@id":"https:\/\/umitunker.com\/en\/#organization","name":"\u00dcmit \u00dcNKER","description":"Sat\u0131\u015f Teknikleri ve \u0130leti\u015fim Y\u00f6netimi","url":"https:\/\/umitunker.com\/en\/","email":"info@umitunker.com","telephone":"+902129950748","foundingDate":"2013-06-13","logo":{"@type":"ImageObject","url":"https:\/\/umitunker.com\/wp-content\/uploads\/2025\/10\/TEDi-Egitim-Logo.png","@id":"https:\/\/umitunker.com\/en\/hesabim\/#organizationLogo","width":464,"height":414},"image":{"@id":"https:\/\/umitunker.com\/en\/hesabim\/#organizationLogo"},"sameAs":["https:\/\/facebook.com\/umitunker","https:\/\/x.com\/umitunker","https:\/\/instagram.com\/umit.unker","https:\/\/tiktok.com\/@umitunker","https:\/\/pinterest.com\/umitunker","https:\/\/youtube.com\/umitunker","https:\/\/linkedin.com\/in\/umitunker","https:\/\/tr.wikipedia.org\/wiki\/ocuklar_Duymasn"],"address":{"@id":"https:\/\/umitunker.com\/en\/#postaladdress","@type":"PostalAddress","streetAddress":"Torun Center, Fulya Mah. B\u00fcy\u00fckdere Cad. No:74D K:3 Ofis: 10, Torun Center, Fulya Mah. B\u00fcy\u00fckdere Cad. No:74D K:3 Ofis: 10","postalCode":"34394","addressLocality":"\u0130stanbul","addressRegion":"\u0130stanbul","addressCountry":"TR"},"taxID":"8330519003"},{"@type":"WebPage","@id":"https:\/\/umitunker.com\/en\/hesabim\/#webpage","url":"https:\/\/umitunker.com\/en\/hesabim\/","name":"Hesab\u0131m - \u00dcmit \u00dcNKER","inLanguage":"en-US","isPartOf":{"@id":"https:\/\/umitunker.com\/en\/#website"},"breadcrumb":{"@id":"https:\/\/umitunker.com\/en\/hesabim\/#breadcrumblist"},"datePublished":"2025-10-13T18:19:09+00:00","dateModified":"2025-10-13T20:08:11+00:00"},{"@type":"WebSite","@id":"https:\/\/umitunker.com\/en\/#website","url":"https:\/\/umitunker.com\/en\/","name":"\u00dcmit \u00dcNKER","alternateName":"https:\/\/tediegitim.com\/","description":"Sat\u0131\u015f Teknikleri ve \u0130leti\u015fim Y\u00f6netimi","inLanguage":"en-US","publisher":{"@id":"https:\/\/umitunker.com\/en\/#organization"}}]},"og:locale":"en_US","og:site_name":"\u00dcmit \u00dcNKER - Sat\u0131\u015f Teknikleri ve \u0130leti\u015fim Y\u00f6netimi","og:type":"article","og:title":"Hesab\u0131m - \u00dcmit \u00dcNKER","og:url":"https:\/\/umitunker.com\/en\/hesabim\/","og:image":"https:\/\/umitunker.com\/wp-content\/uploads\/2025\/10\/MAGNET-MODELI\u2122-EGITIMI-1024-x-1024-piksel-2-scaled.png","og:image:secure_url":"https:\/\/umitunker.com\/wp-content\/uploads\/2025\/10\/MAGNET-MODELI\u2122-EGITIMI-1024-x-1024-piksel-2-scaled.png","article:published_time":"2025-10-13T18:19:09+00:00","article:modified_time":"2025-10-13T20:08:11+00:00","article:publisher":"https:\/\/facebook.com\/umitunker","article:author":"https:\/\/facebook.com\/umitunker","twitter:card":"summary_large_image","twitter:site":"@umitunker","twitter:title":"Hesab\u0131m - \u00dcmit \u00dcNKER","twitter:creator":"@umitunker","twitter:image":"https:\/\/umitunker.com\/wp-content\/uploads\/2025\/10\/MAGNET-MODELI\u2122-EGITIMI-1024-x-1024-piksel-2-scaled.png"},"aioseo_meta_data":{"post_id":"9","title":"#post_title #separator_sa #site_title","description":"#post_content","keywords":null,"keyphrases":null,"primary_term":null,"canonical_url":null,"og_title":null,"og_description":null,"og_object_type":"default","og_image_type":"default","og_image_url":null,"og_image_width":null,"og_image_height":null,"og_image_custom_url":null,"og_image_custom_fields":null,"og_video":null,"og_custom_url":null,"og_article_section":null,"og_article_tags":null,"twitter_use_og":false,"twitter_card":"default","twitter_image_type":"default","twitter_image_url":null,"twitter_image_custom_url":null,"twitter_image_custom_fields":null,"twitter_title":null,"twitter_description":null,"schema":{"blockGraphs":[],"customGraphs":[],"default":{"data":{"Article":[],"Course":[],"Dataset":[],"FAQPage":[],"Movie":[],"Person":[],"Product":[],"ProductReview":[],"Car":[],"Recipe":[],"Service":[],"SoftwareApplication":[],"WebPage":[]},"graphName":"","isEnabled":true},"graphs":[]},"schema_type":"default","schema_type_options":null,"pillar_content":false,"robots_default":false,"robots_noindex":true,"robots_noarchive":false,"robots_nosnippet":false,"robots_nofollow":false,"robots_noimageindex":false,"robots_noodp":false,"robots_notranslate":false,"robots_max_snippet":null,"robots_max_videopreview":null,"robots_max_imagepreview":"large","priority":null,"frequency":null,"local_seo":null,"seo_analyzer_scan_date":"2025-10-13 20:08:54","breadcrumb_settings":null,"limit_modified_date":false,"reviewed_by":null,"open_ai":null,"ai":null,"created":"2025-10-13 18:22:04","updated":"2025-10-13 20:11:51"},"aioseo_breadcrumb":"<div class=\"aioseo-breadcrumbs\"><span class=\"aioseo-breadcrumb\">\n\t<a href=\"https:\/\/umitunker.com\/en\" title=\"Ana Sayfa\">Ana Sayfa<\/a>\n<\/span><span class=\"aioseo-breadcrumb-separator\">\u00bb<\/span><span class=\"aioseo-breadcrumb\">\n\t<a href=\"https:\/\/umitunker.com\/en\/hesabim\/\" title=\"Hesab\u0131m\">Hesab\u0131m<\/a>\n<\/span><\/div>","aioseo_breadcrumb_json":[{"label":"Ana Sayfa","link":"https:\/\/umitunker.com\/en"},{"label":"Hesab\u0131m","link":"https:\/\/umitunker.com\/en\/hesabim\/"}],"_links":{"self":[{"href":"https:\/\/umitunker.com\/en\/wp-json\/wp\/v2\/pages\/9","targetHints":{"allow":["GET"]}}],"collection":[{"href":"https:\/\/umitunker.com\/en\/wp-json\/wp\/v2\/pages"}],"about":[{"href":"https:\/\/umitunker.com\/en\/wp-json\/wp\/v2\/types\/page"}],"author":[{"embeddable":true,"href":"https:\/\/umitunker.com\/en\/wp-json\/wp\/v2\/users\/1"}],"replies":[{"embeddable":true,"href":"https:\/\/umitunker.com\/en\/wp-json\/wp\/v2\/comments?post=9"}],"version-history":[{"count":0,"href":"https:\/\/umitunker.com\/en\/wp-json\/wp\/v2\/pages\/9\/revisions"}],"wp:attachment":[{"href":"https:\/\/umitunker.com\/en\/wp-json\/wp\/v2\/media?parent=9"}],"curies":[{"name":"wp","href":"https:\/\/api.w.org\/{rel}","templated":true}]}}